{"id":137,"date":"2015-11-18T13:10:41","date_gmt":"2015-11-18T12:10:41","guid":{"rendered":"http:\/\/hinz-ac.de\/wordpress\/?page_id=137"},"modified":"2015-11-18T13:10:41","modified_gmt":"2015-11-18T12:10:41","slug":"bibel-beitraege","status":"publish","type":"page","link":"https:\/\/hinz-ac.de\/?page_id=137","title":{"rendered":"Bibel Beitr\u00e4ge"},"content":{"rendered":"<div class=\"pt-cv-wrapper\"><div class=\"pt-cv-view pt-cv-grid pt-cv-colsys\" id=\"pt-cv-view-76f6055e99\"><div data-id=\"pt-cv-page-1\" class=\"pt-cv-page\" data-cvc=\"3\"><div class=\"col-md-4 col-sm-6 col-xs-12 pt-cv-content-item pt-cv-1-col\" ><div class='pt-cv-ifield'><a href=\"https:\/\/hinz-ac.de\/?p=243\" class=\"_self pt-cv-href-thumbnail pt-cv-thumb-default\" target=\"_self\" ><\/a>\n<h4 class=\"pt-cv-title\"><a href=\"https:\/\/hinz-ac.de\/?p=243\" class=\"_self\" target=\"_self\" >Christus als Grund des Lebens (1Tim 3,16)<\/a><\/h4>\n<div class=\"pt-cv-content\">\u00dcbersetzung der Bibel in gerechter Sprache Der Christus ist Wahrheit und Grund, Fleisch und Geist in einem, er tritt vor ...<\/div><\/div><\/div>\n<div class=\"col-md-4 col-sm-6 col-xs-12 pt-cv-content-item pt-cv-1-col\" ><div class='pt-cv-ifield'><a href=\"https:\/\/hinz-ac.de\/?p=235\" class=\"_self pt-cv-href-thumbnail pt-cv-thumb-default\" target=\"_self\" ><\/a>\n<h4 class=\"pt-cv-title\"><a href=\"https:\/\/hinz-ac.de\/?p=235\" class=\"_self\" target=\"_self\" >Frieden nach Jesaja<\/a><\/h4>\n<div class=\"pt-cv-content\">Der Frieden ist grenzenlos! Er gr\u00fcndet auf Recht und Gerechtigkeit (9,6). Der erwartete F\u00fcrst des Friedens wird den Machtlosen Recht ...<\/div><\/div><\/div>\n<div class=\"col-md-4 col-sm-6 col-xs-12 pt-cv-content-item pt-cv-1-col\" ><div class='pt-cv-ifield'><a href=\"https:\/\/hinz-ac.de\/?p=227\" class=\"_self pt-cv-href-thumbnail pt-cv-thumb-default\" target=\"_self\" ><\/a>\n<h4 class=\"pt-cv-title\"><a href=\"https:\/\/hinz-ac.de\/?p=227\" class=\"_self\" target=\"_self\" >Hoffnung f\u00fcr alle V\u00f6lker (R\u00f6m 15)<\/a><\/h4>\n<div class=\"pt-cv-content\">Wenn wir versuchen uns miteinander zu vergewissern \u00fcber unsere Hoffnung, also \u00fcber das, was wir erwarten - vom Leben, voneinander, ...<\/div><\/div><\/div>\n<div class=\"col-md-4 col-sm-6 col-xs-12 pt-cv-content-item pt-cv-1-col\" ><div class='pt-cv-ifield'><a href=\"https:\/\/hinz-ac.de\/?p=224\" class=\"_self pt-cv-href-thumbnail pt-cv-thumb-default\" target=\"_self\" ><\/a>\n<h4 class=\"pt-cv-title\"><a href=\"https:\/\/hinz-ac.de\/?p=224\" class=\"_self\" target=\"_self\" >Gottes Reich &#8211; als w\u00e4re es ein Kind<\/a><\/h4>\n<div class=\"pt-cv-content\">Quelle Von: J\u00f6rn Halbe, Kindheitskunde vom Reich Gottes (Mk 10,15), aus: Dialogbibelarbeit zum 30. DEKT (Hannover 2005) Referent\/in: Schottroff, Prof ...<\/div><\/div><\/div>\n<div class=\"col-md-4 col-sm-6 col-xs-12 pt-cv-content-item pt-cv-1-col\" ><div class='pt-cv-ifield'><a href=\"https:\/\/hinz-ac.de\/?p=217\" class=\"_self pt-cv-href-thumbnail pt-cv-thumb-default\" target=\"_self\" ><\/a>\n<h4 class=\"pt-cv-title\"><a href=\"https:\/\/hinz-ac.de\/?p=217\" class=\"_self\" target=\"_self\" >Reich Gottes auf den Arm nehmen<\/a><\/h4>\n<div class=\"pt-cv-content\">Jesus fordert seine J\u00fcnger dazu auf: Nehmt das Reich Gottes auf den Arm, sonst werdet ihr niemals hinein kommen! In ...<\/div><\/div><\/div>\n<div class=\"col-md-4 col-sm-6 col-xs-12 pt-cv-content-item pt-cv-1-col\" ><div class='pt-cv-ifield'><a href=\"https:\/\/hinz-ac.de\/?p=210\" class=\"_self pt-cv-href-thumbnail pt-cv-thumb-default\" target=\"_self\" ><\/a>\n<h4 class=\"pt-cv-title\"><a href=\"https:\/\/hinz-ac.de\/?p=210\" class=\"_self\" target=\"_self\" >Das Seufzen der Sch\u00f6pfung<\/a><\/h4>\n<div class=\"pt-cv-content\">R\u00f6m 8,18-25 Die ganze Sch\u00f6pfung sehnt sich danach, befreit zu werden von der Nichtigkeit (der Entwertung und Verschwendung), zur Herrlichkeit ...<\/div><\/div><\/div>\n<div class=\"col-md-4 col-sm-6 col-xs-12 pt-cv-content-item pt-cv-1-col\" ><div class='pt-cv-ifield'><a href=\"https:\/\/hinz-ac.de\/?p=208\" class=\"_self pt-cv-href-thumbnail pt-cv-thumb-default\" target=\"_self\" ><\/a>\n<h4 class=\"pt-cv-title\"><a href=\"https:\/\/hinz-ac.de\/?p=208\" class=\"_self\" target=\"_self\" >1. Petrusbrief &#8211; Fragmente<\/a><\/h4>\n<div class=\"pt-cv-content\">1 Petr 5 Seid nicht Herren, sondern Vorbild! Sorgt f\u00fcreinander, nicht unter (\u00e4u\u00dferem oder innerem) Zwang oder wegen des Verdienstes, ...<\/div><\/div><\/div>\n<div class=\"col-md-4 col-sm-6 col-xs-12 pt-cv-content-item pt-cv-1-col\" ><div class='pt-cv-ifield'><a href=\"https:\/\/hinz-ac.de\/?p=186\" class=\"_self pt-cv-href-thumbnail pt-cv-thumb-default\" target=\"_self\" ><\/a>\n<h4 class=\"pt-cv-title\"><a href=\"https:\/\/hinz-ac.de\/?p=186\" class=\"_self\" target=\"_self\" >Der Begriff Leben<\/a><\/h4>\n<div class=\"pt-cv-content\">Leben im NT Im Neuen Testament gibt es drei griechische W\u00f6rter, die im Deutschen mit Leben \u00fcbersetzt werden: zoe, psyche ...<\/div><\/div><\/div>\n<div class=\"col-md-4 col-sm-6 col-xs-12 pt-cv-content-item pt-cv-1-col\" ><div class='pt-cv-ifield'><a href=\"https:\/\/hinz-ac.de\/?p=171\" class=\"_self pt-cv-href-thumbnail pt-cv-thumb-default\" target=\"_self\" ><\/a>\n<h4 class=\"pt-cv-title\"><a href=\"https:\/\/hinz-ac.de\/?p=171\" class=\"_self\" target=\"_self\" >Den guten Hirten finden<\/a><\/h4>\n<div class=\"pt-cv-content\">Hirte --&gt; Schafe Er ist gut, hat eine bekannte und verst\u00e4ndliche Stimme, verletzt die Gemeinschaft des Lebens nicht gibt sein ...<\/div><\/div><\/div>\n<div class=\"col-md-4 col-sm-6 col-xs-12 pt-cv-content-item pt-cv-1-col\" ><div class='pt-cv-ifield'><a href=\"https:\/\/hinz-ac.de\/?p=167\" class=\"_self pt-cv-href-thumbnail pt-cv-thumb-default\" target=\"_self\" ><\/a>\n<h4 class=\"pt-cv-title\"><a href=\"https:\/\/hinz-ac.de\/?p=167\" class=\"_self\" target=\"_self\" >Verst\u00f6rer der Kultgemeinschaft<\/a><\/h4>\n<div class=\"pt-cv-content\">Predigt 1. Petrus 2,21b-25 am 10.4.2016, 2. Sonntag nach Ostern - Miserikordias Domini Mitten in der Zeit der Osterfreude singen ...<\/div><\/div><\/div>\n<div class=\"col-md-4 col-sm-6 col-xs-12 pt-cv-content-item pt-cv-1-col\" ><div class='pt-cv-ifield'><a href=\"https:\/\/hinz-ac.de\/?p=163\" class=\"_self pt-cv-href-thumbnail pt-cv-thumb-default\" target=\"_self\" ><\/a>\n<h4 class=\"pt-cv-title\"><a href=\"https:\/\/hinz-ac.de\/?p=163\" class=\"_self\" target=\"_self\" >Kreuz und Auferstehung &#8211; kurz<\/a><\/h4>\n<div class=\"pt-cv-content\">Das Kreuz stellt uns den Versuch, die Liebe grenzenlos zu machen, in letzter Konsequenz vor Augen. Ostern bringt uns auf ...<\/div><\/div><\/div>\n<div class=\"col-md-4 col-sm-6 col-xs-12 pt-cv-content-item pt-cv-1-col\" ><div class='pt-cv-ifield'><a href=\"https:\/\/hinz-ac.de\/?p=147\" class=\"_self pt-cv-href-thumbnail pt-cv-thumb-default\" target=\"_self\" ><\/a>\n<h4 class=\"pt-cv-title\"><a href=\"https:\/\/hinz-ac.de\/?p=147\" class=\"_self\" target=\"_self\" >Ewiges Leben<\/a><\/h4>\n<div class=\"pt-cv-content\">Der Begriff Leben Ewiges Leben im Moment Biblisch verstehe ich \"ewig\" nicht als Quantit\u00e4t - als Menge an Zeit - ...<\/div><\/div><\/div>\n<div class=\"col-md-4 col-sm-6 col-xs-12 pt-cv-content-item pt-cv-1-col\" ><div class='pt-cv-ifield'><a href=\"https:\/\/hinz-ac.de\/?p=91\" class=\"_self pt-cv-href-thumbnail pt-cv-thumb-default\" target=\"_self\" ><\/a>\n<h4 class=\"pt-cv-title\"><a href=\"https:\/\/hinz-ac.de\/?p=91\" class=\"_self\" target=\"_self\" >Jesu Abschiedsrede und Auferstehung bei Johannes<\/a><\/h4>\n<div class=\"pt-cv-content\">Das Vergangene bleibt nicht (nur) Vergangenheit, es nimmt neu Gestalt an - in uns. Bei Johannes ist die Gegenwart Jesu ...<\/div><\/div><\/div>\n<div class=\"col-md-4 col-sm-6 col-xs-12 pt-cv-content-item pt-cv-1-col\" ><div class='pt-cv-ifield'><a href=\"https:\/\/hinz-ac.de\/?p=77\" class=\"_self pt-cv-href-thumbnail pt-cv-thumb-default\" target=\"_self\" ><\/a>\n<h4 class=\"pt-cv-title\"><a href=\"https:\/\/hinz-ac.de\/?p=77\" class=\"_self\" target=\"_self\" >Hiob und sein Ausl\u00f6ser<\/a><\/h4>\n<div class=\"pt-cv-content\">Gedanken zu Hi 19 \"Du geh\u00f6rst hier nicht dazu und das bist du selbst schuld.\" Das erfahren Menschen in unserer ...<\/div><\/div><\/div>\n<div class=\"col-md-4 col-sm-6 col-xs-12 pt-cv-content-item pt-cv-1-col\" ><div class='pt-cv-ifield'><a href=\"https:\/\/hinz-ac.de\/?p=70\" class=\"_self pt-cv-href-thumbnail pt-cv-thumb-default\" target=\"_self\" ><\/a>\n<h4 class=\"pt-cv-title\"><a href=\"https:\/\/hinz-ac.de\/?p=70\" class=\"_self\" target=\"_self\" >Hiob oder der Abschied vom Allm\u00e4chtigen<\/a><\/h4>\n<div class=\"pt-cv-content\">Im Buch Hiob begegnen \"klassische\" Gottesbilder (v.a. Hi 9!): Gott ist Urheber oder Ursache f\u00fcr alles, was geschieht. (9,5-8) Gott ...<\/div><\/div><\/div>\n<div class=\"col-md-4 col-sm-6 col-xs-12 pt-cv-content-item pt-cv-1-col\" ><div class='pt-cv-ifield'><a href=\"https:\/\/hinz-ac.de\/?p=59\" class=\"_self pt-cv-href-thumbnail pt-cv-thumb-default\" target=\"_self\" ><\/a>\n<h4 class=\"pt-cv-title\"><a href=\"https:\/\/hinz-ac.de\/?p=59\" class=\"_self\" target=\"_self\" >Zeichen in Joh<\/a><\/h4>\n<div class=\"pt-cv-content\">Die 7 Zeichen Im Johannes Evangelium werden 7 Zeichen als solche dargestellt. Heilung: Joh 5,2-18 (Bethesda), Joh 4,43-54 (Hauptmann Kafarnaum) ...<\/div><\/div><\/div><\/div><\/div><\/div>\n","protected":false},"excerpt":{"rendered":"","protected":false},"author":2,"featured_media":0,"parent":0,"menu_order":0,"comment_status":"closed","ping_status":"closed","template":"","meta":{"footnotes":""},"_links":{"self":[{"href":"https:\/\/hinz-ac.de\/index.php?rest_route=\/wp\/v2\/pages\/137"}],"collection":[{"href":"https:\/\/hinz-ac.de\/index.php?rest_route=\/wp\/v2\/pages"}],"about":[{"href":"https:\/\/hinz-ac.de\/index.php?rest_route=\/wp\/v2\/types\/page"}],"author":[{"embeddable":true,"href":"https:\/\/hinz-ac.de\/index.php?rest_route=\/wp\/v2\/users\/2"}],"replies":[{"embeddable":true,"href":"https:\/\/hinz-ac.de\/index.php?rest_route=%2Fwp%2Fv2%2Fcomments&post=137"}],"version-history":[{"count":1,"href":"https:\/\/hinz-ac.de\/index.php?rest_route=\/wp\/v2\/pages\/137\/revisions"}],"predecessor-version":[{"id":138,"href":"https:\/\/hinz-ac.de\/index.php?rest_route=\/wp\/v2\/pages\/137\/revisions\/138"}],"wp:attachment":[{"href":"https:\/\/hinz-ac.de\/index.php?rest_route=%2Fwp%2Fv2%2Fmedia&parent=137"}],"curies":[{"name":"wp","href":"https:\/\/api.w.org\/{rel}","templated":true}]}}